{"id":16,"date":"2017-10-26T12:39:22","date_gmt":"2017-10-26T12:39:22","guid":{"rendered":"http:\/\/estudioalejandracorrea.uy\/?page_id=16"},"modified":"2025-08-21T20:49:48","modified_gmt":"2025-08-21T20:49:48","slug":"proyecto-y-direccion-de-obra","status":"publish","type":"page","link":"https:\/\/www.estudioalejandracorrea.uy\/fr\/proyecto-y-direccion-de-obra\/","title":{"rendered":"Projects"},"content":{"rendered":"<div class=\"wpb-content-wrapper\"><p>[vc_row][vc_column][vc_empty_space height=\u00a0\u00bb24px\u00a0\u00bb][vc_custom_heading text=\u00a0\u00bbProjet et direction des travaux\u00a0\u00bb use_theme_fonts=\u00a0\u00bbyes\u00a0\u00bb][\/vc_column][\/vc_row][vc_row][vc_column][vc_text_separator title=\u00a0\u00bbS\u00e9lection d&rsquo;\u0153uvres\u00a0\u00bb][vc_basic_grid post_type=\u00a0\u00bbpost\u00a0\u00bb max_items=\u00a0\u00bb-1&Prime; orderby=\u00a0\u00bbmenu_order\u00a0\u00bb order=\u00a0\u00bbASC\u00a0\u00bb item=\u00a0\u00bbmasonryGrid_BlurOut\u00a0\u00bb grid_id=\u00a0\u00bbvc_gid:1755809364586-780b7191-0474-3&Prime; taxonomies=\u00a0\u00bb4&Prime;][vc_separator][\/vc_column][\/vc_row][vc_row][vc_column css=\u00a0\u00bb.vc_custom_1512661626028{margin-top: 0px !important;border-top-width: 0px !important;padding-top: 0px !important;}\u00a0\u00bb][vc_custom_heading text=\u00a0\u00bbTRAVAUX R\u00c9ALIS\u00c9S\u00a0\u00bb use_theme_fonts=\u00a0\u00bbyes\u00a0\u00bb][vc_row_inner][vc_column_inner width=\u00a0\u00bb1\/3&Prime;][vc_column_text]<\/p>\n<p><strong>R\u00e9novation Apt. 26 mars 1137 &#8211;<\/strong><\/p>\n<p>Atelier Alejandra Correa Architecte<br \/>\nR\u00e9novation appartement, 26 mars 1137 apt 002<br \/>\nMontevideo, Uruguay 2017<\/p>\n<hr \/>\n<p><strong>R\u00e9novation Apt. Soca 1104<\/strong><\/p>\n<p>Atelier Alejandra Correa Architecte<br \/>\nR\u00e9novation appartement<br \/>\nAv. Soca 1104 apt 402<br \/>\nMontevideo, Uruguay 2017<\/p>\n<hr \/>\n<p><strong>R\u00c9NOVATION BUREAUX POCITOS<\/strong><\/p>\n<p>Atelier Alejandra Correa Architecte<br \/>\nMontevideo, Uruguay 2017<br \/>\nR\u00e9novation 110 m2<\/p>\n<hr \/>\n<p><strong>R\u00c9NOVATION RAMBLA POCITOS<\/strong><\/p>\n<p>Atelier Alejandra Correa Architecte<br \/>\nMontevideo, Uruguay 2017<br \/>\nR\u00e9novation 220 m2[\/vc_column_text][vc_column_text]<strong>R\u00e9novation Apt. Ponce 1331<\/strong><\/p>\n<p>Atelier Alejandra Correa Architecte<br \/>\nR\u00e9novation appartement<br \/>\nAv. Luis P Ponce 1331 apt 101<br \/>\nMontevideo, Uruguay 2016<\/p>\n<hr \/>\n<p><strong>R\u00e9novation Maison Velsen<\/strong><\/p>\n<p>Atelier Alejandra Correa Architecte<br \/>\nR\u00e9novation secteur maison<br \/>\nVelsen 446<br \/>\nMontevideo, Uruguay 2016<\/p>\n<hr \/>\n<p><strong>R\u00c9NOVATION PORT DE BUCEO<\/strong><\/p>\n<p>Atelier Alejandra Correa Architecte<br \/>\nMontevideo, Uruguay 2016<br \/>\nR\u00e9novation 180 m2<br \/>\nProjet d\u2019\u00e9clairage : Arq. Alejandro Vidal[\/vc_column_text][\/vc_column_inner][vc_column_inner width=\u00a0\u00bb1\/3&Prime;][vc_column_text]<strong>R\u00e9novation Agence Nucleo Publicidad<\/strong><\/p>\n<p>Atelier Alejandra Correa Architecte<br \/>\nR\u00e9novation maison<br \/>\nCavia 2640<br \/>\nMontevideo, Uruguay 2015<\/p>\n<hr \/>\n<p><strong>APPARTEMENT CANELONES<\/strong><\/p>\n<p>Correa-Morat\u00f3 Arqs.<br \/>\nMontevideo, Uruguay 2014<br \/>\nR\u00e9novation 160m2<\/p>\n<hr \/>\n<p><strong>APPARTEMENT GOLF<\/strong><\/p>\n<p>Correa-Morat\u00f3 Arqs.<br \/>\nMontevideo, Uruguay 2012<br \/>\nR\u00e9novation 300m2[\/vc_column_text][vc_column_text]<strong>MAISON ECHEVARRIARZA<\/strong><\/p>\n<p>Correa-Morat\u00f3 Arqs.<br \/>\nMontevideo, Uruguay 2011<br \/>\nR\u00e9novation et agrandissement 550m2<\/p>\n<hr \/>\n<p><strong>MAISON MONES ROSES<\/strong><\/p>\n<p>Correa-Morat\u00f3 Arqs.<br \/>\nMontevideo, Uruguay 2011<br \/>\nR\u00e9novation 100m2<\/p>\n<hr \/>\n<p><strong>MAISON POTOS\u00cd<\/strong><\/p>\n<p>Correa-Morat\u00f3 Arqs.<br \/>\nMontevideo, Uruguay 2010<br \/>\nR\u00e9novation et agrandissement 360m2<\/p>\n<hr \/>\n<p><strong>MAISON SANTIAGO VAZQUEZ<\/strong><\/p>\n<p>Correa-Morat\u00f3 Arqs.<br \/>\nMontevideo, Uruguay 2009<br \/>\nRestauration Logement Bello et Reborati 150m2[\/vc_column_text][\/vc_column_inner][vc_column_inner width=\u00a0\u00bb1\/3&Prime;][vc_column_text]<strong>MAISON LOMAS DE CARRASCO<\/strong><\/p>\n<p>Correa-Morat\u00f3 Arqs.<br \/>\nMontevideo, Uruguay 2008<br \/>\nAgrandissement \u00e9tage sup\u00e9rieur 90m2<\/p>\n<hr \/>\n<p><strong>MAISON G. CORTINAS<\/strong><\/p>\n<p>Correa-Morat\u00f3 Arqs.<br \/>\nMontevideo, Uruguay 2007<br \/>\nBarbecue et r\u00e9novation 200m2<\/p>\n<hr \/>\n<p><strong>MAISON COSTA RICA<\/strong><\/p>\n<p>Correa-Morat\u00f3 Arqs.<br \/>\nMontevideo, Uruguay 2007<br \/>\nR\u00e9novation et agrandissement<br \/>\n2 logements 280m2<\/p>\n<hr \/>\n<p><strong>PROJET MAISON F. BILBAO<\/strong><\/p>\n<p>Arq. Alejandra Correa &amp; Arq. Fernando Castro<br \/>\nMontevideo, Uruguay 2007<br \/>\nNouvelle construction 200 m2[\/vc_column_text][vc_column_text]<strong>MAISON FERRARI<\/strong><\/p>\n<p>Correa-Morat\u00f3 Arqs.<br \/>\nMontevideo, Uruguay 2006<br \/>\nR\u00e9novation Barbecue 100m2<\/p>\n<hr \/>\n<p><strong>MAISON MIAMI<\/strong><\/p>\n<p>Correa-Morat\u00f3 Arqs.<br \/>\nMontevideo, Uruguay 2005<br \/>\nNouvelle construction 280m2<\/p>\n<hr \/>\n<p><strong>ESTANCIA MEDIA AGUA<\/strong><\/p>\n<p>Correa-Morat\u00f3 Arqs.<br \/>\nMercedes, Uruguay 2004<\/p>\n<hr \/>\n<p><b>BARBECUE PINARES<\/b><br \/>\n<strong>Correa-Morat\u00f3 Arqs.<\/strong><br \/>\nMaldonado, Uruguay 2003<br \/>\nR\u00e9novation et agrandissement Barbecue 70m2[\/vc_column_text][\/vc_column_inner][\/vc_row_inner][\/vc_column][\/vc_row]<\/p>\n<\/div><!-- AddThis Advanced Settings generic via filter on the_content --><!-- AddThis Share Buttons generic via filter on the_content -->","protected":false},"excerpt":{"rendered":"<p>[vc_row][vc_column][vc_empty_space height=\u00a0\u00bb24px\u00a0\u00bb][vc_custom_heading text=\u00a0\u00bbProjet et direction des travaux\u00a0\u00bb use_theme_fonts=\u00a0\u00bbyes\u00a0\u00bb][\/vc_column][\/vc_row][vc_row][vc_column][vc_text_separator title=\u00a0\u00bbS\u00e9lection d&rsquo;\u0153uvres\u00a0\u00bb][vc_basic_grid post_type=\u00a0\u00bbpost\u00a0\u00bb max_items=\u00a0\u00bb-1&Prime; orderby=\u00a0\u00bbmenu_order\u00a0\u00bb order=\u00a0\u00bbASC\u00a0\u00bb item=\u00a0\u00bbmasonryGrid_BlurOut\u00a0\u00bb grid_id=\u00a0\u00bbvc_gid:1755809364586-780b7191-0474-3&Prime; taxonomies=\u00a0\u00bb4&Prime;][vc_separator][\/vc_column][\/vc_row][vc_row][vc_column css=\u00a0\u00bb.vc_custom_1512661626028{margin-top: 0px !important;border-top-width: 0px !important;padding-top: 0px !important;}\u00a0\u00bb][vc_custom_heading text=\u00a0\u00bbTRAVAUX R\u00c9ALIS\u00c9S\u00a0\u00bb use_theme_fonts=\u00a0\u00bbyes\u00a0\u00bb][vc_row_inner][vc_column_inner width=\u00a0\u00bb1\/3&Prime;][vc_column_text] R\u00e9novation Apt. 26 mars 1137 &#8211; Atelier Alejandra Correa Architecte R\u00e9novation appartement, 26 mars 1137 apt 002 Montevideo, Uruguay 2017 R\u00e9novation Apt. Soca 1104 Atelier Alejandra Correa [&hellip;]<!-- AddThis Advanced Settings generic via filter on get_the_excerpt --><!-- AddThis Share Buttons generic via filter on get_the_excerpt --><\/p>\n","protected":false},"author":1,"featured_media":60,"parent":0,"menu_order":0,"comment_status":"closed","ping_status":"closed","template":"","meta":{"footnotes":""},"class_list":["post-16","page","type-page","status-publish","has-post-thumbnail","hentry"],"yoast_head":"<!-- This site is optimized with the Yoast SEO plugin v27.4 - https:\/\/yoast.com\/product\/yoast-seo-wordpress\/ -->\n<title>Projects - ALEJANDRA CORREA<\/title>\n<meta name=\"robots\" content=\"index, follow, max-snippet:-1, max-image-preview:large, max-video-preview:-1\" \/>\n<link rel=\"canonical\" href=\"https:\/\/www.estudioalejandracorrea.uy\/proyecto-y-direccion-de-obra\/\" \/>\n<meta property=\"og:locale\" content=\"fr_FR\" \/>\n<meta property=\"og:type\" content=\"article\" \/>\n<meta property=\"og:title\" content=\"[:es]Proyectos[:fr]Projects[:en]Projects[:] - ALEJANDRA CORREA\" \/>\n<meta property=\"og:description\" content=\"[vc_row][vc_column][vc_empty_space height=\u00a0\u00bb24px\u00a0\u00bb][vc_custom_heading text=\u00a0\u00bbProjet et direction des travaux\u00a0\u00bb use_theme_fonts=\u00a0\u00bbyes\u00a0\u00bb][\/vc_column][\/vc_row][vc_row][vc_column][vc_text_separator title=\u00a0\u00bbS\u00e9lection d&rsquo;\u0153uvres\u00a0\u00bb][vc_basic_grid post_type=\u00a0\u00bbpost\u00a0\u00bb max_items=\u00a0\u00bb-1&Prime; orderby=\u00a0\u00bbmenu_order\u00a0\u00bb order=\u00a0\u00bbASC\u00a0\u00bb item=\u00a0\u00bbmasonryGrid_BlurOut\u00a0\u00bb grid_id=\u00a0\u00bbvc_gid:1755809364586-780b7191-0474-3&Prime; taxonomies=\u00a0\u00bb4&Prime;][vc_separator][\/vc_column][\/vc_row][vc_row][vc_column css=\u00a0\u00bb.vc_custom_1512661626028{margin-top: 0px !important;border-top-width: 0px !important;padding-top: 0px !important;}\u00a0\u00bb][vc_custom_heading text=\u00a0\u00bbTRAVAUX R\u00c9ALIS\u00c9S\u00a0\u00bb use_theme_fonts=\u00a0\u00bbyes\u00a0\u00bb][vc_row_inner][vc_column_inner width=\u00a0\u00bb1\/3&Prime;][vc_column_text] R\u00e9novation Apt. 26 mars 1137 &#8211; Atelier Alejandra Correa Architecte R\u00e9novation appartement, 26 mars 1137 apt 002 Montevideo, Uruguay 2017 R\u00e9novation Apt. Soca 1104 Atelier Alejandra Correa [&hellip;]\" \/>\n<meta property=\"og:url\" content=\"https:\/\/www.estudioalejandracorrea.uy\/proyecto-y-direccion-de-obra\/\" \/>\n<meta property=\"og:site_name\" content=\"ALEJANDRA CORREA\" \/>\n<meta property=\"article:modified_time\" content=\"2025-08-21T20:49:48+00:00\" \/>\n<meta property=\"og:image\" content=\"https:\/\/www.estudioalejandracorrea.uy\/wp-content\/uploads\/2017\/11\/ramblaArmTH.jpg\" \/>\n\t<meta property=\"og:image:width\" content=\"500\" \/>\n\t<meta property=\"og:image:height\" content=\"500\" \/>\n\t<meta property=\"og:image:type\" content=\"image\/jpeg\" \/>\n<meta name=\"twitter:card\" content=\"summary_large_image\" \/>\n<meta name=\"twitter:label1\" content=\"Dur\u00e9e de lecture estim\u00e9e\" \/>\n\t<meta name=\"twitter:data1\" content=\"2 minutes\" \/>\n<script type=\"application\/ld+json\" class=\"yoast-schema-graph\">{\"@context\":\"https:\\\/\\\/schema.org\",\"@graph\":[{\"@type\":\"WebPage\",\"@id\":\"https:\\\/\\\/www.estudioalejandracorrea.uy\\\/proyecto-y-direccion-de-obra\\\/\",\"url\":\"https:\\\/\\\/www.estudioalejandracorrea.uy\\\/proyecto-y-direccion-de-obra\\\/\",\"name\":\"[:es]Proyectos[:fr]Projects[:en]Projects[:] - ALEJANDRA CORREA\",\"isPartOf\":{\"@id\":\"https:\\\/\\\/www.estudioalejandracorrea.uy\\\/#website\"},\"primaryImageOfPage\":{\"@id\":\"https:\\\/\\\/www.estudioalejandracorrea.uy\\\/proyecto-y-direccion-de-obra\\\/#primaryimage\"},\"image\":{\"@id\":\"https:\\\/\\\/www.estudioalejandracorrea.uy\\\/proyecto-y-direccion-de-obra\\\/#primaryimage\"},\"thumbnailUrl\":\"https:\\\/\\\/www.estudioalejandracorrea.uy\\\/wp-content\\\/uploads\\\/2017\\\/11\\\/ramblaArmTH.jpg\",\"datePublished\":\"2017-10-26T12:39:22+00:00\",\"dateModified\":\"2025-08-21T20:49:48+00:00\",\"breadcrumb\":{\"@id\":\"https:\\\/\\\/www.estudioalejandracorrea.uy\\\/proyecto-y-direccion-de-obra\\\/#breadcrumb\"},\"inLanguage\":\"fr-FR\",\"potentialAction\":[{\"@type\":\"ReadAction\",\"target\":[\"https:\\\/\\\/www.estudioalejandracorrea.uy\\\/proyecto-y-direccion-de-obra\\\/\"]}]},{\"@type\":\"ImageObject\",\"inLanguage\":\"fr-FR\",\"@id\":\"https:\\\/\\\/www.estudioalejandracorrea.uy\\\/proyecto-y-direccion-de-obra\\\/#primaryimage\",\"url\":\"https:\\\/\\\/www.estudioalejandracorrea.uy\\\/wp-content\\\/uploads\\\/2017\\\/11\\\/ramblaArmTH.jpg\",\"contentUrl\":\"https:\\\/\\\/www.estudioalejandracorrea.uy\\\/wp-content\\\/uploads\\\/2017\\\/11\\\/ramblaArmTH.jpg\",\"width\":500,\"height\":500},{\"@type\":\"BreadcrumbList\",\"@id\":\"https:\\\/\\\/www.estudioalejandracorrea.uy\\\/proyecto-y-direccion-de-obra\\\/#breadcrumb\",\"itemListElement\":[{\"@type\":\"ListItem\",\"position\":1,\"name\":\"Home\",\"item\":\"https:\\\/\\\/www.estudioalejandracorrea.uy\\\/\"},{\"@type\":\"ListItem\",\"position\":2,\"name\":\"Proyectos\"}]},{\"@type\":\"WebSite\",\"@id\":\"https:\\\/\\\/www.estudioalejandracorrea.uy\\\/#website\",\"url\":\"https:\\\/\\\/www.estudioalejandracorrea.uy\\\/\",\"name\":\"ALEJANDRA CORREA\",\"description\":\"Arquitecta\",\"potentialAction\":[{\"@type\":\"SearchAction\",\"target\":{\"@type\":\"EntryPoint\",\"urlTemplate\":\"https:\\\/\\\/www.estudioalejandracorrea.uy\\\/?s={search_term_string}\"},\"query-input\":{\"@type\":\"PropertyValueSpecification\",\"valueRequired\":true,\"valueName\":\"search_term_string\"}}],\"inLanguage\":\"fr-FR\"}]}<\/script>\n<!-- \/ Yoast SEO plugin. -->","yoast_head_json":{"title":"[:es]Proyectos[:fr]Projects[:en]Projects[:] - ALEJANDRA CORREA","robots":{"index":"index","follow":"follow","max-snippet":"max-snippet:-1","max-image-preview":"max-image-preview:large","max-video-preview":"max-video-preview:-1"},"canonical":"https:\/\/www.estudioalejandracorrea.uy\/proyecto-y-direccion-de-obra\/","og_locale":"fr_FR","og_type":"article","og_title":"[:es]Proyectos[:fr]Projects[:en]Projects[:] - ALEJANDRA CORREA","og_description":"[vc_row][vc_column][vc_empty_space height=\u00a0\u00bb24px\u00a0\u00bb][vc_custom_heading text=\u00a0\u00bbProjet et direction des travaux\u00a0\u00bb use_theme_fonts=\u00a0\u00bbyes\u00a0\u00bb][\/vc_column][\/vc_row][vc_row][vc_column][vc_text_separator title=\u00a0\u00bbS\u00e9lection d&rsquo;\u0153uvres\u00a0\u00bb][vc_basic_grid post_type=\u00a0\u00bbpost\u00a0\u00bb max_items=\u00a0\u00bb-1&Prime; orderby=\u00a0\u00bbmenu_order\u00a0\u00bb order=\u00a0\u00bbASC\u00a0\u00bb item=\u00a0\u00bbmasonryGrid_BlurOut\u00a0\u00bb grid_id=\u00a0\u00bbvc_gid:1755809364586-780b7191-0474-3&Prime; taxonomies=\u00a0\u00bb4&Prime;][vc_separator][\/vc_column][\/vc_row][vc_row][vc_column css=\u00a0\u00bb.vc_custom_1512661626028{margin-top: 0px !important;border-top-width: 0px !important;padding-top: 0px !important;}\u00a0\u00bb][vc_custom_heading text=\u00a0\u00bbTRAVAUX R\u00c9ALIS\u00c9S\u00a0\u00bb use_theme_fonts=\u00a0\u00bbyes\u00a0\u00bb][vc_row_inner][vc_column_inner width=\u00a0\u00bb1\/3&Prime;][vc_column_text] R\u00e9novation Apt. 26 mars 1137 &#8211; Atelier Alejandra Correa Architecte R\u00e9novation appartement, 26 mars 1137 apt 002 Montevideo, Uruguay 2017 R\u00e9novation Apt. Soca 1104 Atelier Alejandra Correa [&hellip;]","og_url":"https:\/\/www.estudioalejandracorrea.uy\/proyecto-y-direccion-de-obra\/","og_site_name":"ALEJANDRA CORREA","article_modified_time":"2025-08-21T20:49:48+00:00","og_image":[{"width":500,"height":500,"url":"https:\/\/www.estudioalejandracorrea.uy\/wp-content\/uploads\/2017\/11\/ramblaArmTH.jpg","type":"image\/jpeg"}],"twitter_card":"summary_large_image","twitter_misc":{"Dur\u00e9e de lecture estim\u00e9e":"2 minutes"},"schema":{"@context":"https:\/\/schema.org","@graph":[{"@type":"WebPage","@id":"https:\/\/www.estudioalejandracorrea.uy\/proyecto-y-direccion-de-obra\/","url":"https:\/\/www.estudioalejandracorrea.uy\/proyecto-y-direccion-de-obra\/","name":"[:es]Proyectos[:fr]Projects[:en]Projects[:] - ALEJANDRA CORREA","isPartOf":{"@id":"https:\/\/www.estudioalejandracorrea.uy\/#website"},"primaryImageOfPage":{"@id":"https:\/\/www.estudioalejandracorrea.uy\/proyecto-y-direccion-de-obra\/#primaryimage"},"image":{"@id":"https:\/\/www.estudioalejandracorrea.uy\/proyecto-y-direccion-de-obra\/#primaryimage"},"thumbnailUrl":"https:\/\/www.estudioalejandracorrea.uy\/wp-content\/uploads\/2017\/11\/ramblaArmTH.jpg","datePublished":"2017-10-26T12:39:22+00:00","dateModified":"2025-08-21T20:49:48+00:00","breadcrumb":{"@id":"https:\/\/www.estudioalejandracorrea.uy\/proyecto-y-direccion-de-obra\/#breadcrumb"},"inLanguage":"fr-FR","potentialAction":[{"@type":"ReadAction","target":["https:\/\/www.estudioalejandracorrea.uy\/proyecto-y-direccion-de-obra\/"]}]},{"@type":"ImageObject","inLanguage":"fr-FR","@id":"https:\/\/www.estudioalejandracorrea.uy\/proyecto-y-direccion-de-obra\/#primaryimage","url":"https:\/\/www.estudioalejandracorrea.uy\/wp-content\/uploads\/2017\/11\/ramblaArmTH.jpg","contentUrl":"https:\/\/www.estudioalejandracorrea.uy\/wp-content\/uploads\/2017\/11\/ramblaArmTH.jpg","width":500,"height":500},{"@type":"BreadcrumbList","@id":"https:\/\/www.estudioalejandracorrea.uy\/proyecto-y-direccion-de-obra\/#breadcrumb","itemListElement":[{"@type":"ListItem","position":1,"name":"Home","item":"https:\/\/www.estudioalejandracorrea.uy\/"},{"@type":"ListItem","position":2,"name":"Proyectos"}]},{"@type":"WebSite","@id":"https:\/\/www.estudioalejandracorrea.uy\/#website","url":"https:\/\/www.estudioalejandracorrea.uy\/","name":"ALEJANDRA CORREA","description":"Arquitecta","potentialAction":[{"@type":"SearchAction","target":{"@type":"EntryPoint","urlTemplate":"https:\/\/www.estudioalejandracorrea.uy\/?s={search_term_string}"},"query-input":{"@type":"PropertyValueSpecification","valueRequired":true,"valueName":"search_term_string"}}],"inLanguage":"fr-FR"}]}},"_links":{"self":[{"href":"https:\/\/www.estudioalejandracorrea.uy\/fr\/wp-json\/wp\/v2\/pages\/16","targetHints":{"allow":["GET"]}}],"collection":[{"href":"https:\/\/www.estudioalejandracorrea.uy\/fr\/wp-json\/wp\/v2\/pages"}],"about":[{"href":"https:\/\/www.estudioalejandracorrea.uy\/fr\/wp-json\/wp\/v2\/types\/page"}],"author":[{"embeddable":true,"href":"https:\/\/www.estudioalejandracorrea.uy\/fr\/wp-json\/wp\/v2\/users\/1"}],"replies":[{"embeddable":true,"href":"https:\/\/www.estudioalejandracorrea.uy\/fr\/wp-json\/wp\/v2\/comments?post=16"}],"version-history":[{"count":124,"href":"https:\/\/www.estudioalejandracorrea.uy\/fr\/wp-json\/wp\/v2\/pages\/16\/revisions"}],"predecessor-version":[{"id":1485,"href":"https:\/\/www.estudioalejandracorrea.uy\/fr\/wp-json\/wp\/v2\/pages\/16\/revisions\/1485"}],"wp:featuredmedia":[{"embeddable":true,"href":"https:\/\/www.estudioalejandracorrea.uy\/fr\/wp-json\/wp\/v2\/media\/60"}],"wp:attachment":[{"href":"https:\/\/www.estudioalejandracorrea.uy\/fr\/wp-json\/wp\/v2\/media?parent=16"}],"curies":[{"name":"wp","href":"https:\/\/api.w.org\/{rel}","templated":true}]}}