{"id":1360,"date":"2025-08-20T17:38:26","date_gmt":"2025-08-20T17:38:26","guid":{"rendered":"https:\/\/www.estudioalejandracorrea.uy\/?page_id=1360"},"modified":"2025-09-01T21:03:20","modified_gmt":"2025-09-01T21:03:20","slug":"metodologia","status":"publish","type":"page","link":"https:\/\/www.estudioalejandracorrea.uy\/fr\/metodologia\/","title":{"rendered":"(Espa\u00f1ol) Metodolog\u00eda"},"content":{"rendered":"<div class=\"wpb-content-wrapper\"><p>[vc_row full_width=\u00a0\u00bbstretch_row\u00a0\u00bb css=\u00a0\u00bb.vc_custom_1755808259344{background-color: #FFFFFF !important;background-position: center !important;background-repeat: no-repeat !important;background-size: cover !important;}\u00a0\u00bb][vc_column][vc_custom_heading text=\u00a0\u00bbM\u00e9thodologie\u00a0\u00bb font_container=\u00a0\u00bbtag:h2|text_align:left|color:%23A6A6A6&Prime; use_theme_fonts=\u00a0\u00bbyes\u00a0\u00bb css=\u00a0\u00bb\u00a0\u00bb][vc_empty_space][vc_row_inner][vc_column_inner width=\u00a0\u00bb1\/3&Prime;][vc_column_text css=\u00a0\u00bb\u00a0\u00bb]<strong>1. Avant-projet<\/strong><\/p>\n<ul>\n<li>R\u00e9unions initiales avec les clients pour comprendre les id\u00e9es, les besoins et les objectifs.<\/li>\n<li>D\u00e9veloppement de propositions fonctionnelles, esth\u00e9tiques et adapt\u00e9es au budget.<\/li>\n<li>Pr\u00e9sentation d\u2019images et de plans comme base pour avancer vers le projet d\u00e9finitif.<\/li>\n<\/ul>\n<p>[\/vc_column_text][\/vc_column_inner][vc_column_inner width=\u00a0\u00bb1\/3&Prime;][vc_column_text css=\u00a0\u00bb\u00a0\u00bb]<strong>2. Projet Ex\u00e9cutif<\/strong><\/p>\n<ul>\n<li>\u00c9laboration de toute la documentation technique n\u00e9cessaire \u00e0 la construction : plans, coupes, fa\u00e7ades et tableaux.<\/li>\n<li>Int\u00e9gration d\u2019une \u00e9quipe pluridisciplinaire (installations, \u00e9clairage, thermique, incendies, paysagisme, entre autres).<\/li>\n<li>R\u00e9daction de m\u00e9moires descriptives et constructives compl\u00e9tant la documentation graphique.<\/li>\n<\/ul>\n<p>[\/vc_column_text][\/vc_column_inner][vc_column_inner width=\u00a0\u00bb1\/3&Prime;][vc_column_text css=\u00a0\u00bb\u00a0\u00bb]<strong>3. Budget et Devis<\/strong><\/p>\n<ul>\n<li>Envoi de la documentation \u00e0 diff\u00e9rentes entreprises de construction pour devis.<\/li>\n<li>Comparaison des budgets afin de s\u00e9lectionner la meilleure option en termes de rapport qualit\u00e9\u2013prix.<\/li>\n<li>Budget g\u00e9n\u00e9ral d\u00e9taill\u00e9 : mat\u00e9riaux, main-d\u2019\u0153uvre, sous-traitance, imp\u00f4ts, entre autres.<\/li>\n<li>Conseil dans le choix des finitions et mat\u00e9riaux d\u00e9finis par le client (sols, rev\u00eatements, \u00e9quipements, etc.), avec \u00e9laboration de tableaux comparatifs par poste.<\/li>\n<\/ul>\n<p>[\/vc_column_text][\/vc_column_inner][\/vc_row_inner][vc_row_inner][vc_column_inner width=\u00a0\u00bb1\/3&Prime;][vc_column_text css=\u00a0\u00bb\u00a0\u00bb]<strong>4. D\u00e9marches et Permis<\/strong><\/p>\n<ul>\n<li>Gestion compl\u00e8te de la documentation n\u00e9cessaire aupr\u00e8s de la Mairie, BPS, MTOP et autres organismes comp\u00e9tents.<\/li>\n<li>Suivi et contr\u00f4le de tout le processus administratif en collaboration avec le gestionnaire.<\/li>\n<\/ul>\n<p>[\/vc_column_text][\/vc_column_inner][vc_column_inner width=\u00a0\u00bb1\/3&Prime;][vc_column_text css=\u00a0\u00bb\u00a0\u00bb]<strong>5. Direction des Travaux<\/strong><\/p>\n<ul>\n<li>Supervision compl\u00e8te du d\u00e9but jusqu\u2019\u00e0 la livraison finale.<\/li>\n<li>Coordination des sous-traitants et contr\u00f4le de qualit\u00e9 \u00e0 chaque \u00e9tape du chantier.<\/li>\n<li>Contr\u00f4le \u00e9conomique et suivi des certificats mensuels aupr\u00e8s des organismes officiels.<\/li>\n<li>Livraison de l\u2019ouvrage.<\/li>\n<\/ul>\n<p>[\/vc_column_text][\/vc_column_inner][\/vc_row_inner][vc_empty_space height=\u00a0\u00bb320px\u00a0\u00bb][\/vc_column][\/vc_row]<\/p>\n<\/div><!-- AddThis Advanced Settings generic via filter on the_content --><!-- AddThis Share Buttons generic via filter on the_content -->","protected":false},"excerpt":{"rendered":"<p>[vc_row full_width=\u00a0\u00bbstretch_row\u00a0\u00bb css=\u00a0\u00bb.vc_custom_1755808259344{background-color: #FFFFFF !important;background-position: center !important;background-repeat: no-repeat !important;background-size: cover !important;}\u00a0\u00bb][vc_column][vc_custom_heading text=\u00a0\u00bbM\u00e9thodologie\u00a0\u00bb font_container=\u00a0\u00bbtag:h2|text_align:left|color:%23A6A6A6&Prime; use_theme_fonts=\u00a0\u00bbyes\u00a0\u00bb css=\u00a0\u00bb\u00a0\u00bb][vc_empty_space][vc_row_inner][vc_column_inner width=\u00a0\u00bb1\/3&Prime;][vc_column_text css=\u00a0\u00bb\u00a0\u00bb]1. Avant-projet R\u00e9unions initiales avec les clients pour comprendre les id\u00e9es, les besoins et les objectifs. D\u00e9veloppement de propositions fonctionnelles, esth\u00e9tiques et adapt\u00e9es au budget. Pr\u00e9sentation d\u2019images et de plans comme base pour avancer vers le projet d\u00e9finitif. [\/vc_column_text][\/vc_column_inner][vc_column_inner [&hellip;]<!-- AddThis Advanced Settings generic via filter on get_the_excerpt --><!-- AddThis Share Buttons generic via filter on get_the_excerpt --><\/p>\n","protected":false},"author":3,"featured_media":0,"parent":0,"menu_order":0,"comment_status":"closed","ping_status":"closed","template":"","meta":{"footnotes":""},"class_list":["post-1360","page","type-page","status-publish","hentry"],"yoast_head":"<!-- This site is optimized with the Yoast SEO plugin v27.4 - https:\/\/yoast.com\/product\/yoast-seo-wordpress\/ -->\n<title><\/title>\n<meta name=\"robots\" content=\"index, follow, max-snippet:-1, max-image-preview:large, max-video-preview:-1\" \/>\n<link rel=\"canonical\" href=\"https:\/\/www.estudioalejandracorrea.uy\/metodologia\/\" \/>\n<meta property=\"og:locale\" content=\"fr_FR\" \/>\n<meta property=\"og:type\" content=\"article\" \/>\n<meta property=\"og:title\" content=\"[:es]Metodolog\u00eda[:] - ALEJANDRA CORREA\" \/>\n<meta property=\"og:description\" content=\"[vc_row full_width=\u00a0\u00bbstretch_row\u00a0\u00bb css=\u00a0\u00bb.vc_custom_1755808259344{background-color: #FFFFFF !important;background-position: center !important;background-repeat: no-repeat !important;background-size: cover !important;}\u00a0\u00bb][vc_column][vc_custom_heading text=\u00a0\u00bbM\u00e9thodologie\u00a0\u00bb font_container=\u00a0\u00bbtag:h2|text_align:left|color:%23A6A6A6&Prime; use_theme_fonts=\u00a0\u00bbyes\u00a0\u00bb css=\u00a0\u00bb\u00a0\u00bb][vc_empty_space][vc_row_inner][vc_column_inner width=\u00a0\u00bb1\/3&Prime;][vc_column_text css=\u00a0\u00bb\u00a0\u00bb]1. Avant-projet R\u00e9unions initiales avec les clients pour comprendre les id\u00e9es, les besoins et les objectifs. D\u00e9veloppement de propositions fonctionnelles, esth\u00e9tiques et adapt\u00e9es au budget. Pr\u00e9sentation d\u2019images et de plans comme base pour avancer vers le projet d\u00e9finitif. [\/vc_column_text][\/vc_column_inner][vc_column_inner [&hellip;]\" \/>\n<meta property=\"og:url\" content=\"https:\/\/www.estudioalejandracorrea.uy\/metodologia\/\" \/>\n<meta property=\"og:site_name\" content=\"ALEJANDRA CORREA\" \/>\n<meta property=\"article:modified_time\" content=\"2025-09-01T21:03:20+00:00\" \/>\n<meta name=\"twitter:card\" content=\"summary_large_image\" \/>\n<meta name=\"twitter:label1\" content=\"Dur\u00e9e de lecture estim\u00e9e\" \/>\n\t<meta name=\"twitter:data1\" content=\"2 minutes\" \/>\n<script type=\"application\/ld+json\" class=\"yoast-schema-graph\">{\"@context\":\"https:\\\/\\\/schema.org\",\"@graph\":[{\"@type\":\"WebPage\",\"@id\":\"https:\\\/\\\/www.estudioalejandracorrea.uy\\\/metodologia\\\/\",\"url\":\"https:\\\/\\\/www.estudioalejandracorrea.uy\\\/metodologia\\\/\",\"name\":\"[:es]Metodolog\u00eda[:] - ALEJANDRA CORREA\",\"isPartOf\":{\"@id\":\"https:\\\/\\\/www.estudioalejandracorrea.uy\\\/#website\"},\"datePublished\":\"2025-08-20T17:38:26+00:00\",\"dateModified\":\"2025-09-01T21:03:20+00:00\",\"breadcrumb\":{\"@id\":\"https:\\\/\\\/www.estudioalejandracorrea.uy\\\/metodologia\\\/#breadcrumb\"},\"inLanguage\":\"fr-FR\",\"potentialAction\":[{\"@type\":\"ReadAction\",\"target\":[\"https:\\\/\\\/www.estudioalejandracorrea.uy\\\/metodologia\\\/\"]}]},{\"@type\":\"BreadcrumbList\",\"@id\":\"https:\\\/\\\/www.estudioalejandracorrea.uy\\\/metodologia\\\/#breadcrumb\",\"itemListElement\":[{\"@type\":\"ListItem\",\"position\":1,\"name\":\"Home\",\"item\":\"https:\\\/\\\/www.estudioalejandracorrea.uy\\\/\"},{\"@type\":\"ListItem\",\"position\":2,\"name\":\"Metodolog\u00eda\"}]},{\"@type\":\"WebSite\",\"@id\":\"https:\\\/\\\/www.estudioalejandracorrea.uy\\\/#website\",\"url\":\"https:\\\/\\\/www.estudioalejandracorrea.uy\\\/\",\"name\":\"ALEJANDRA CORREA\",\"description\":\"Arquitecta\",\"potentialAction\":[{\"@type\":\"SearchAction\",\"target\":{\"@type\":\"EntryPoint\",\"urlTemplate\":\"https:\\\/\\\/www.estudioalejandracorrea.uy\\\/?s={search_term_string}\"},\"query-input\":{\"@type\":\"PropertyValueSpecification\",\"valueRequired\":true,\"valueName\":\"search_term_string\"}}],\"inLanguage\":\"fr-FR\"}]}<\/script>\n<!-- \/ Yoast SEO plugin. -->","yoast_head_json":{"title":"[:es]Metodolog\u00eda[:] - ALEJANDRA CORREA","robots":{"index":"index","follow":"follow","max-snippet":"max-snippet:-1","max-image-preview":"max-image-preview:large","max-video-preview":"max-video-preview:-1"},"canonical":"https:\/\/www.estudioalejandracorrea.uy\/metodologia\/","og_locale":"fr_FR","og_type":"article","og_title":"[:es]Metodolog\u00eda[:] - ALEJANDRA CORREA","og_description":"[vc_row full_width=\u00a0\u00bbstretch_row\u00a0\u00bb css=\u00a0\u00bb.vc_custom_1755808259344{background-color: #FFFFFF !important;background-position: center !important;background-repeat: no-repeat !important;background-size: cover !important;}\u00a0\u00bb][vc_column][vc_custom_heading text=\u00a0\u00bbM\u00e9thodologie\u00a0\u00bb font_container=\u00a0\u00bbtag:h2|text_align:left|color:%23A6A6A6&Prime; use_theme_fonts=\u00a0\u00bbyes\u00a0\u00bb css=\u00a0\u00bb\u00a0\u00bb][vc_empty_space][vc_row_inner][vc_column_inner width=\u00a0\u00bb1\/3&Prime;][vc_column_text css=\u00a0\u00bb\u00a0\u00bb]1. Avant-projet R\u00e9unions initiales avec les clients pour comprendre les id\u00e9es, les besoins et les objectifs. D\u00e9veloppement de propositions fonctionnelles, esth\u00e9tiques et adapt\u00e9es au budget. Pr\u00e9sentation d\u2019images et de plans comme base pour avancer vers le projet d\u00e9finitif. [\/vc_column_text][\/vc_column_inner][vc_column_inner [&hellip;]","og_url":"https:\/\/www.estudioalejandracorrea.uy\/metodologia\/","og_site_name":"ALEJANDRA CORREA","article_modified_time":"2025-09-01T21:03:20+00:00","twitter_card":"summary_large_image","twitter_misc":{"Dur\u00e9e de lecture estim\u00e9e":"2 minutes"},"schema":{"@context":"https:\/\/schema.org","@graph":[{"@type":"WebPage","@id":"https:\/\/www.estudioalejandracorrea.uy\/metodologia\/","url":"https:\/\/www.estudioalejandracorrea.uy\/metodologia\/","name":"[:es]Metodolog\u00eda[:] - ALEJANDRA CORREA","isPartOf":{"@id":"https:\/\/www.estudioalejandracorrea.uy\/#website"},"datePublished":"2025-08-20T17:38:26+00:00","dateModified":"2025-09-01T21:03:20+00:00","breadcrumb":{"@id":"https:\/\/www.estudioalejandracorrea.uy\/metodologia\/#breadcrumb"},"inLanguage":"fr-FR","potentialAction":[{"@type":"ReadAction","target":["https:\/\/www.estudioalejandracorrea.uy\/metodologia\/"]}]},{"@type":"BreadcrumbList","@id":"https:\/\/www.estudioalejandracorrea.uy\/metodologia\/#breadcrumb","itemListElement":[{"@type":"ListItem","position":1,"name":"Home","item":"https:\/\/www.estudioalejandracorrea.uy\/"},{"@type":"ListItem","position":2,"name":"Metodolog\u00eda"}]},{"@type":"WebSite","@id":"https:\/\/www.estudioalejandracorrea.uy\/#website","url":"https:\/\/www.estudioalejandracorrea.uy\/","name":"ALEJANDRA CORREA","description":"Arquitecta","potentialAction":[{"@type":"SearchAction","target":{"@type":"EntryPoint","urlTemplate":"https:\/\/www.estudioalejandracorrea.uy\/?s={search_term_string}"},"query-input":{"@type":"PropertyValueSpecification","valueRequired":true,"valueName":"search_term_string"}}],"inLanguage":"fr-FR"}]}},"_links":{"self":[{"href":"https:\/\/www.estudioalejandracorrea.uy\/fr\/wp-json\/wp\/v2\/pages\/1360","targetHints":{"allow":["GET"]}}],"collection":[{"href":"https:\/\/www.estudioalejandracorrea.uy\/fr\/wp-json\/wp\/v2\/pages"}],"about":[{"href":"https:\/\/www.estudioalejandracorrea.uy\/fr\/wp-json\/wp\/v2\/types\/page"}],"author":[{"embeddable":true,"href":"https:\/\/www.estudioalejandracorrea.uy\/fr\/wp-json\/wp\/v2\/users\/3"}],"replies":[{"embeddable":true,"href":"https:\/\/www.estudioalejandracorrea.uy\/fr\/wp-json\/wp\/v2\/comments?post=1360"}],"version-history":[{"count":38,"href":"https:\/\/www.estudioalejandracorrea.uy\/fr\/wp-json\/wp\/v2\/pages\/1360\/revisions"}],"predecessor-version":[{"id":1516,"href":"https:\/\/www.estudioalejandracorrea.uy\/fr\/wp-json\/wp\/v2\/pages\/1360\/revisions\/1516"}],"wp:attachment":[{"href":"https:\/\/www.estudioalejandracorrea.uy\/fr\/wp-json\/wp\/v2\/media?parent=1360"}],"curies":[{"name":"wp","href":"https:\/\/api.w.org\/{rel}","templated":true}]}}